{"id":387,"date":"2018-02-19T08:23:05","date_gmt":"2018-02-19T08:23:05","guid":{"rendered":"http:\/\/libermare.com.mialias.net\/home\/"},"modified":"2019-11-07T08:37:55","modified_gmt":"2019-11-07T08:37:55","slug":"home","status":"publish","type":"page","link":"https:\/\/libermare.com\/en\/","title":{"rendered":"Home"},"content":{"rendered":"<section class=\"wpb-content-wrapper\"><p>[vc_row css_animation=&#8221;&#8221; row_type=&#8221;row&#8221; use_row_as_full_screen_section=&#8221;no&#8221; type=&#8221;full_width&#8221; angled_section=&#8221;no&#8221; text_align=&#8221;left&#8221; background_image_as_pattern=&#8221;without_pattern&#8221; z_index=&#8221;&#8221;][vc_column][rev_slider_vc alias=&#8221;home-slider-en&#8221;][\/vc_column][\/vc_row][vc_row css_animation=&#8221;&#8221; row_type=&#8221;row&#8221; use_row_as_full_screen_section=&#8221;no&#8221; type=&#8221;grid&#8221; angled_section=&#8221;no&#8221; text_align=&#8221;left&#8221; background_image_as_pattern=&#8221;without_pattern&#8221; z_index=&#8221;&#8221; css=&#8221;.vc_custom_1522951755169{padding-top: 70px !important;padding-bottom: 70px !important;}&#8221;][vc_column width=&#8221;1\/4&#8243;][vc_column_text]<\/p>\n<h2 style=\"color: #4d8bd2; font-family: 'Kalam', sans-serif; font-size: 23px; line-height: 27px; font-weight: 400; letter-spacing: 0px; text-transform: none;\">Boat trips Menorca<\/h2>\n<p>[\/vc_column_text][vc_empty_space height=&#8221;12px&#8221;][vc_column_text]<\/p>\n<h2>Discover the coves of the south coast of Menorca<\/h2>\n<p>[\/vc_column_text][vc_empty_space height=&#8221;33px&#8221;]<a  itemprop=\"url\" href=\"https:\/\/libermare.com\/en\/boat-excursions-menorca\/\" target=\"_self\"  class=\"qbutton  default\" style=\"\">BOOKING NOW<\/a>[vc_empty_space height=&#8221;30px&#8221;][\/vc_column][vc_column width=&#8221;3\/4&#8243;][vc_row_inner row_type=&#8221;row&#8221; type=&#8221;full_width&#8221; text_align=&#8221;left&#8221; css_animation=&#8221;&#8221;][vc_column_inner width=&#8221;1\/3&#8243;][vc_single_image image=&#8221;365&#8243; img_size=&#8221;full&#8221; alignment=&#8221;center&#8221; qode_css_animation=&#8221;&#8221;][vc_empty_space height=&#8221;37px&#8221;][vc_column_text]<\/p>\n<h3 style=\"text-align: center;\">Meeting point<\/h3>\n<p>[\/vc_column_text][vc_empty_space height=&#8221;19px&#8221;][vc_column_text]<\/p>\n<p style=\"text-align: center;\">The meeting point is the mooring No. 73, in front of the bar \u201cAlaska\u201d, 15 minutes before the start of the activity, in the small river that is on the right side of Cala Galdana.<\/p>\n<p>[\/vc_column_text][vc_empty_space height=&#8221;30px&#8221;][\/vc_column_inner][vc_column_inner width=&#8221;1\/3&#8243;][vc_single_image image=&#8221;235&#8243; img_size=&#8221;full&#8221; alignment=&#8221;center&#8221; qode_css_animation=&#8221;&#8221;][vc_empty_space height=&#8221;37px&#8221;][vc_column_text]<\/p>\n<h3 style=\"text-align: center;\">Exploration<\/h3>\n<p>[\/vc_column_text][vc_empty_space height=&#8221;19px&#8221;][vc_column_text]<\/p>\n<p style=\"text-align: center;\">We will visit inaccessible coves such as Cala Escorxada, Cala Fustam, Trebaluger, Macarella, Macarelleta and Cala Turqueta, stopping at two of them to take a bath.<\/p>\n<p>[\/vc_column_text][vc_empty_space height=&#8221;30px&#8221;][\/vc_column_inner][vc_column_inner width=&#8221;1\/3&#8243;][vc_single_image image=&#8221;234&#8243; img_size=&#8221;full&#8221; alignment=&#8221;center&#8221; qode_css_animation=&#8221;&#8221;][vc_empty_space height=&#8221;37px&#8221;][vc_column_text]<\/p>\n<h3 style=\"text-align: center;\">Adventures<\/h3>\n<p>[\/vc_column_text][vc_empty_space height=&#8221;19px&#8221;][vc_column_text]<\/p>\n<p style=\"text-align: center;\">We offer two excursions, one in the morning from 10 to 13.30, and another in the afternoon from 2.30 to 6.00. You can hire the whole boat in exclusive use, or by seats.<\/p>\n<p>[\/vc_column_text][vc_empty_space height=&#8221;30px&#8221;][\/vc_column_inner][\/vc_row_inner][\/vc_column][\/vc_row][vc_row css_animation=&#8221;&#8221; row_type=&#8221;row&#8221; use_row_as_full_screen_section=&#8221;no&#8221; type=&#8221;grid&#8221; angled_section=&#8221;no&#8221; text_align=&#8221;center&#8221; background_image_as_pattern=&#8221;without_pattern&#8221; padding_top=&#8221;120&#8243; padding_bottom=&#8221;81&#8243; z_index=&#8221;&#8221; css=&#8221;.vc_custom_1523012230802{background-image: url(http:\/\/libermare.com.mialias.net\/wp-content\/uploads\/2018\/04\/cala-galdana.jpg?id=316) !important;background-position: center !important;background-repeat: no-repeat !important;background-size: cover !important;}&#8221;][vc_column][vc_row_inner row_type=&#8221;row&#8221; type=&#8221;full_width&#8221; text_align=&#8221;center&#8221; css_animation=&#8221;&#8221; padding_bottom=&#8221;71&#8243;][vc_column_inner width=&#8221;5\/6&#8243; offset=&#8221;vc_col-sm-offset-1&#8243;][vc_column_text]<\/p>\n<h4>Cala Galdana<\/h4>\n<p>[\/vc_column_text][vc_empty_space height=&#8221;12px&#8221;][vc_column_text]<\/p>\n<h2>Where to find us<\/h2>\n<p>[\/vc_column_text][vc_empty_space height=&#8221;26px&#8221;][vc_column_text]<\/p>\n<h5>The meeting point is the mooring No. 73, in front of the bar \u201cAlaska\u201d, 15 minutes before the start of the activity, in the small river that is on the right side of Cala Galdana.<\/h5>\n<p>[\/vc_column_text][vc_empty_space height=&#8221;26px&#8221;][vc_gmaps link=&#8221;#E-8_JTNDaWZyYW1lJTIwc3JjJTNEJTIyaHR0cHMlM0ElMkYlMkZ3d3cuZ29vZ2xlLmNvbSUyRm1hcHMlMkZlbWJlZCUzRnBiJTNEJTIxMW0xOCUyMTFtMTIlMjExbTMlMjExZDEwNTkwLjgyNTMyNzEyMjc2JTIxMmQzLjk1NjAyMjkxMTEyNzYxMzclMjEzZDM5Ljk0MDYxNDEwOTQ5NTI3JTIxMm0zJTIxMWYwJTIxMmYwJTIxM2YwJTIxM20yJTIxMWkxMDI0JTIxMmk3NjglMjE0ZjEzLjElMjEzbTMlMjExbTIlMjExczB4MCUyNTNBMHg4MmFhOTQ0ZWIxMzA4NTkzJTIxMnNFeGN1cnNpb25lcyUyNTIwZW4lMjUyMGJhcmNvJTI1MjBwb3IlMjUyME1lbm9yY2EuJTI1MjBDYWxhJTI1MjBHYWxkYW5hJTI1MjAtJTI1MjBMaWJlciUyNTIwTWFyZSUyMTVlMCUyMTNtMiUyMTFzZXMlMjEyc2VzJTIxNHYxNTczMTE1MTc2MDA2JTIxNW0yJTIxMXNlcyUyMTJzZXMlMjIlMjB3aWR0aCUzRCUyMjEwMjQlMjIlMjBoZWlnaHQlM0QlMjIzMDAlMjIlMjBmcmFtZWJvcmRlciUzRCUyMjAlMjIlMjBzdHlsZSUzRCUyMmJvcmRlciUzQTAlM0IlMjIlMjBhbGxvd2Z1bGxzY3JlZW4lM0QlMjIlMjIlM0UlM0MlMkZpZnJhbWUlM0U=&#8221;][\/vc_column_inner][\/vc_row_inner][\/vc_column][\/vc_row][vc_row css_animation=&#8221;&#8221; row_type=&#8221;row&#8221; use_row_as_full_screen_section=&#8221;no&#8221; type=&#8221;full_width&#8221; angled_section=&#8221;no&#8221; text_align=&#8221;center&#8221; background_image_as_pattern=&#8221;without_pattern&#8221; padding_top=&#8221;90&#8243; css=&#8221;.vc_custom_1524648372505{padding-bottom: 7% !important;background-image: url(http:\/\/libermare.com.mialias.net\/wp-content\/uploads\/2018\/04\/libermare-testimonials.jpg?id=322) !important;background-position: center !important;background-repeat: no-repeat !important;background-size: cover !important;}&#8221; z_index=&#8221;&#8221;][vc_column][qode_elements_holder number_of_columns=&#8221;one_column&#8221;][qode_elements_holder_item advanced_animations=&#8221;no&#8221; item_padding=&#8221;0px 29% 0 29%&#8221; item_padding_1024_1280=&#8221;0px 22% 0 22%&#8221; item_padding_768_1024=&#8221;0px 18% 0 18%&#8221; item_padding_480_600=&#8221;0px 3% 0 3%&#8221; item_padding_480=&#8221;0px 3% 0 3%&#8221;]<div class='testimonials_holder clearfix '><div class=\"testimonials testimonials_carousel\" data-show-navigation=\"no\" data-animation-type=\"fade\" data-animation-speed=\"\" data-auto-rotate-slides=\"5\" data-number-per-slide=\"1\"><ul class=\"slides\"><li id=\"testimonials488\" class=\"testimonial_content\"><div class=\"testimonial_content_inner\"><div class=\"testimonial_text_holder\"><div class=\"testimonial_text_inner\" style=\"\"><p>Podr\u00e9is disfrutar de momentos inolvidables con la familia y amigos. La\r\nexperiencia a bordo del Liber Mare es genial e incre\u00edble, ya que Dani (el capit\u00e1n), te permite conocer a fondo cada playa y cala que visitas, siempre teniendo en cuenta el estado del mar. Resaltar la comodidad y practicidad del \"llaut\" t\u00edpico menorqu\u00edn, que cuenta con todos los accesorios para pasar un feliz d\u00eda (tabla de paddlevsurf, motora, ...etc).<\/p><p class=\"testimonial_author\" style=\"\">J. Carlos<\/p><\/div><\/div><\/div><\/li><li id=\"testimonials476\" class=\"testimonial_content\"><div class=\"testimonial_content_inner\"><div class=\"testimonial_text_holder\"><div class=\"testimonial_text_inner\" style=\"\"><p>\u00a1Si quieres uno de los mejores recuerdos de tu verano,\r\nsal a navegar con Dani.!\r\nLlevamos a\u00f1os navegando con \u00e9l, es una persona capaz de entender las necesidades de todos los que tiene a bordo y hacerles disfrutar a cada uno de un d\u00eda maravilloso.\r\nEl barco es una comodidad absoluta, tanto para ni\u00f1os como para adultos.\r\nSu conocimiento del mar , de los mejores rincones de la isla y su amabilidad ,hace que a\u00f1o tras a\u00f1o sigamos navegando con \u00e9l.<\/p><p class=\"testimonial_author\" style=\"\">N. Granados<\/p><\/div><\/div><\/div><\/li><li id=\"testimonials472\" class=\"testimonial_content\"><div class=\"testimonial_content_inner\"><div class=\"testimonial_text_holder\"><div class=\"testimonial_text_inner\" style=\"\"><p>Siempre que voy a menorca yo e mis amigos nos gusta muxo  visitar las calas e hacer el viajen de barco ( libermare )  ya es como un ritual ... e el amigo Dani  es un grande guia estou encantado con la empresa \r\nAbra\u00e7o amigo ......<\/p><p class=\"testimonial_author\" style=\"\">P. Quaresma<\/p><\/div><\/div><\/div><\/li><\/ul><\/div><\/div>[\/qode_elements_holder_item][\/qode_elements_holder][\/vc_column][\/vc_row]<\/p>\n<\/section>","protected":false},"excerpt":{"rendered":"<p>[vc_row css_animation=&#8221;&#8221; row_type=&#8221;row&#8221; use_row_as_full_screen_section=&#8221;no&#8221; type=&#8221;full_width&#8221; angled_section=&#8221;no&#8221; text_align=&#8221;left&#8221; background_image_as_pattern=&#8221;without_pattern&#8221; z_index=&#8221;&#8221;][vc_column][rev_slider_vc alias=&#8221;home-slider-en&#8221;][\/vc_column][\/vc_row][vc_row css_animation=&#8221;&#8221; row_type=&#8221;row&#8221; use_row_as_full_screen_section=&#8221;no&#8221; type=&#8221;grid&#8221; angled_section=&#8221;no&#8221; text_align=&#8221;left&#8221; background_image_as_pattern=&#8221;without_pattern&#8221; z_index=&#8221;&#8221; css=&#8221;.vc_custom_1522951755169{padding-top: 70px !important;padding-bottom: 70px !important;}&#8221;][vc_column width=&#8221;1\/4&#8243;][vc_column_text] Boat trips Menorca [\/vc_column_text][vc_empty_space height=&#8221;12px&#8221;][vc_column_text] Discover the coves of the south coast of Menorca [\/vc_column_text][vc_empty_space height=&#8221;33px&#8221;][vc_empty_space height=&#8221;30px&#8221;][\/vc_column][vc_column width=&#8221;3\/4&#8243;][vc_row_inner row_type=&#8221;row&#8221; type=&#8221;full_width&#8221; text_align=&#8221;left&#8221;&#8230;<\/p>\n","protected":false},"author":1,"featured_media":0,"parent":0,"menu_order":0,"comment_status":"closed","ping_status":"closed","template":"full_width.php","meta":{"footnotes":""},"class_list":["post-387","page","type-page","status-publish","hentry"],"yoast_head":"<!-- This site is optimized with the Yoast SEO Premium plugin v18.5 (Yoast SEO v25.3) - https:\/\/yoast.com\/wordpress\/plugins\/seo\/ -->\n<title>Boat trips Menorca - rent boat Menorca<\/title>\n<meta name=\"description\" content=\"Boat trips Menorca. We will visit inaccessible coves such as Cala Escorxada, Cala Fustam, Trebaluger, Macarella, Macarelleta and Cala Turqueta, stopping at two of them to take a bath.\" \/>\n<meta name=\"robots\" content=\"index, follow, max-snippet:-1, max-image-preview:large, max-video-preview:-1\" \/>\n<link rel=\"canonical\" href=\"https:\/\/libermare.com\/en\/\" \/>\n<meta property=\"og:locale\" content=\"en_US\" \/>\n<meta property=\"og:type\" content=\"article\" \/>\n<meta property=\"og:title\" content=\"Home\" \/>\n<meta property=\"og:description\" content=\"Boat trips Menorca. We will visit inaccessible coves such as Cala Escorxada, Cala Fustam, Trebaluger, Macarella, Macarelleta and Cala Turqueta, stopping at two of them to take a bath.\" \/>\n<meta property=\"og:url\" content=\"https:\/\/libermare.com\/en\/\" \/>\n<meta property=\"og:site_name\" content=\"Excursiones en barco Menorca\" \/>\n<meta property=\"article:modified_time\" content=\"2019-11-07T08:37:55+00:00\" \/>\n<meta name=\"twitter:card\" content=\"summary_large_image\" \/>\n<meta name=\"twitter:label1\" content=\"Est. reading time\" \/>\n\t<meta name=\"twitter:data1\" content=\"4 minutes\" \/>\n<script type=\"application\/ld+json\" class=\"yoast-schema-graph\">{\"@context\":\"https:\/\/schema.org\",\"@graph\":[{\"@type\":\"WebPage\",\"@id\":\"https:\/\/libermare.com\/en\/\",\"url\":\"https:\/\/libermare.com\/en\/\",\"name\":\"Boat trips Menorca - rent boat Menorca\",\"isPartOf\":{\"@id\":\"https:\/\/libermare.com\/#website\"},\"datePublished\":\"2018-02-19T08:23:05+00:00\",\"dateModified\":\"2019-11-07T08:37:55+00:00\",\"description\":\"Boat trips Menorca. We will visit inaccessible coves such as Cala Escorxada, Cala Fustam, Trebaluger, Macarella, Macarelleta and Cala Turqueta, stopping at two of them to take a bath.\",\"breadcrumb\":{\"@id\":\"https:\/\/libermare.com\/en\/#breadcrumb\"},\"inLanguage\":\"en-US\",\"potentialAction\":[{\"@type\":\"ReadAction\",\"target\":[\"https:\/\/libermare.com\/en\/\"]}]},{\"@type\":\"BreadcrumbList\",\"@id\":\"https:\/\/libermare.com\/en\/#breadcrumb\",\"itemListElement\":[{\"@type\":\"ListItem\",\"position\":1,\"name\":\"Portada\",\"item\":\"https:\/\/libermare.com\/en\/\"},{\"@type\":\"ListItem\",\"position\":2,\"name\":\"Home\"}]},{\"@type\":\"WebSite\",\"@id\":\"https:\/\/libermare.com\/#website\",\"url\":\"https:\/\/libermare.com\/\",\"name\":\"Excursiones en barco Menorca\",\"description\":\"Alquiler barco Menorca\",\"potentialAction\":[{\"@type\":\"SearchAction\",\"target\":{\"@type\":\"EntryPoint\",\"urlTemplate\":\"https:\/\/libermare.com\/?s={search_term_string}\"},\"query-input\":{\"@type\":\"PropertyValueSpecification\",\"valueRequired\":true,\"valueName\":\"search_term_string\"}}],\"inLanguage\":\"en-US\"}]}<\/script>\n<!-- \/ Yoast SEO Premium plugin. -->","yoast_head_json":{"title":"Boat trips Menorca - rent boat Menorca","description":"Boat trips Menorca. We will visit inaccessible coves such as Cala Escorxada, Cala Fustam, Trebaluger, Macarella, Macarelleta and Cala Turqueta, stopping at two of them to take a bath.","robots":{"index":"index","follow":"follow","max-snippet":"max-snippet:-1","max-image-preview":"max-image-preview:large","max-video-preview":"max-video-preview:-1"},"canonical":"https:\/\/libermare.com\/en\/","og_locale":"en_US","og_type":"article","og_title":"Home","og_description":"Boat trips Menorca. We will visit inaccessible coves such as Cala Escorxada, Cala Fustam, Trebaluger, Macarella, Macarelleta and Cala Turqueta, stopping at two of them to take a bath.","og_url":"https:\/\/libermare.com\/en\/","og_site_name":"Excursiones en barco Menorca","article_modified_time":"2019-11-07T08:37:55+00:00","twitter_card":"summary_large_image","twitter_misc":{"Est. reading time":"4 minutes"},"schema":{"@context":"https:\/\/schema.org","@graph":[{"@type":"WebPage","@id":"https:\/\/libermare.com\/en\/","url":"https:\/\/libermare.com\/en\/","name":"Boat trips Menorca - rent boat Menorca","isPartOf":{"@id":"https:\/\/libermare.com\/#website"},"datePublished":"2018-02-19T08:23:05+00:00","dateModified":"2019-11-07T08:37:55+00:00","description":"Boat trips Menorca. We will visit inaccessible coves such as Cala Escorxada, Cala Fustam, Trebaluger, Macarella, Macarelleta and Cala Turqueta, stopping at two of them to take a bath.","breadcrumb":{"@id":"https:\/\/libermare.com\/en\/#breadcrumb"},"inLanguage":"en-US","potentialAction":[{"@type":"ReadAction","target":["https:\/\/libermare.com\/en\/"]}]},{"@type":"BreadcrumbList","@id":"https:\/\/libermare.com\/en\/#breadcrumb","itemListElement":[{"@type":"ListItem","position":1,"name":"Portada","item":"https:\/\/libermare.com\/en\/"},{"@type":"ListItem","position":2,"name":"Home"}]},{"@type":"WebSite","@id":"https:\/\/libermare.com\/#website","url":"https:\/\/libermare.com\/","name":"Excursiones en barco Menorca","description":"Alquiler barco Menorca","potentialAction":[{"@type":"SearchAction","target":{"@type":"EntryPoint","urlTemplate":"https:\/\/libermare.com\/?s={search_term_string}"},"query-input":{"@type":"PropertyValueSpecification","valueRequired":true,"valueName":"search_term_string"}}],"inLanguage":"en-US"}]}},"_links":{"self":[{"href":"https:\/\/libermare.com\/en\/wp-json\/wp\/v2\/pages\/387","targetHints":{"allow":["GET"]}}],"collection":[{"href":"https:\/\/libermare.com\/en\/wp-json\/wp\/v2\/pages"}],"about":[{"href":"https:\/\/libermare.com\/en\/wp-json\/wp\/v2\/types\/page"}],"author":[{"embeddable":true,"href":"https:\/\/libermare.com\/en\/wp-json\/wp\/v2\/users\/1"}],"replies":[{"embeddable":true,"href":"https:\/\/libermare.com\/en\/wp-json\/wp\/v2\/comments?post=387"}],"version-history":[{"count":10,"href":"https:\/\/libermare.com\/en\/wp-json\/wp\/v2\/pages\/387\/revisions"}],"predecessor-version":[{"id":535,"href":"https:\/\/libermare.com\/en\/wp-json\/wp\/v2\/pages\/387\/revisions\/535"}],"wp:attachment":[{"href":"https:\/\/libermare.com\/en\/wp-json\/wp\/v2\/media?parent=387"}],"curies":[{"name":"wp","href":"https:\/\/api.w.org\/{rel}","templated":true}]}}