{"id":346,"date":"2018-02-20T08:21:04","date_gmt":"2018-02-20T08:21:04","guid":{"rendered":"http:\/\/libermare.com.mialias.net\/excursiones-barco-menorca\/"},"modified":"2018-05-08T12:04:10","modified_gmt":"2018-05-08T12:04:10","slug":"excursions-en-bateau-menorca","status":"publish","type":"page","link":"https:\/\/libermare.com\/fr\/excursions-en-bateau-menorca\/","title":{"rendered":"Louer un bateau \u00e0 Minorque"},"content":{"rendered":"<section class=\"wpb-content-wrapper\"><p>[vc_row css_animation=\u00a0\u00bb\u00a0\u00bb row_type=\u00a0\u00bbrow\u00a0\u00bb use_row_as_full_screen_section=\u00a0\u00bbno\u00a0\u00bb type=\u00a0\u00bbgrid\u00a0\u00bb angled_section=\u00a0\u00bbno\u00a0\u00bb text_align=\u00a0\u00bbleft\u00a0\u00bb background_image_as_pattern=\u00a0\u00bbwithout_pattern\u00a0\u00bb z_index=\u00a0\u00bb\u00a0\u00bb css=\u00a0\u00bb.vc_custom_1523099370325{margin-top: 30px !important;}\u00a0\u00bb][vc_column][vc_row_inner row_type=\u00a0\u00bbrow\u00a0\u00bb type=\u00a0\u00bbfull_width\u00a0\u00bb text_align=\u00a0\u00bbleft\u00a0\u00bb css_animation=\u00a0\u00bb\u00a0\u00bb][vc_column_inner width=\u00a0\u00bb1\/2&Prime; css=\u00a0\u00bb.vc_custom_1523099688965{border-top-width: 8px !important;border-right-width: 8px !important;border-bottom-width: 8px !important;border-left-width: 8px !important;background-color: #f4f4f4 !important;border-left-color: #ffffff !important;border-left-style: solid !important;border-right-color: #ffffff !important;border-right-style: solid !important;border-top-color: #ffffff !important;border-top-style: solid !important;border-bottom-color: #ffffff !important;border-bottom-style: solid !important;}\u00a0\u00bb][vc_column_text]<\/p>\n<h2 style=\"font-size: 34px; line-height: 36px;\">Excursion partag\u00e9e<\/h2>\n<p>[\/vc_column_text][vc_empty_space height=\u00a0\u00bb8px\u00a0\u00bb][vc_column_text]Achetez votre place ici pour notre excursion partag\u00e9e, avec un maximum de 11 passagers. Dur\u00e9e 3 heures et demi, comprend des boissons gazeuses.<\/p>\n<p>&nbsp;<\/p>\n<div class=\"load-turitop\" data-service=\"P1\" data-lang=\"fr\" data-embed=\"box\"><\/div>\n<p>[\/vc_column_text][vc_empty_space height=\u00a0\u00bb30px\u00a0\u00bb][\/vc_column_inner][vc_column_inner width=\u00a0\u00bb1\/2&Prime; css=\u00a0\u00bb.vc_custom_1523099735377{border-top-width: 8px !important;border-right-width: 8px !important;border-bottom-width: 8px !important;border-left-width: 8px !important;background-color: #f4f4f4 !important;border-left-color: #ffffff !important;border-left-style: solid !important;border-right-color: #ffffff !important;border-right-style: solid !important;border-top-color: #ffffff !important;border-top-style: solid !important;border-bottom-color: #ffffff !important;border-bottom-style: solid !important;}\u00a0\u00bb][vc_column_text]<\/p>\n<h2 style=\"font-size: 34px; line-height: 36px;\">Excursion exclusive d&rsquo;une demi-journ\u00e9e<\/h2>\n<p>[\/vc_column_text][vc_empty_space height=\u00a0\u00bb8px\u00a0\u00bb][vc_column_text]R\u00e9servez ici le bateau en usage exclusif pour une demi-journ\u00e9e (matin ou apr\u00e8s-midi)<\/p>\n<p>&nbsp;<\/p>\n<div class=\"load-turitop\" data-service=\"P3\" data-lang=\"fr\" data-embed=\"box\"><\/div>\n<p>[\/vc_column_text][vc_empty_space height=\u00a0\u00bb30px\u00a0\u00bb][\/vc_column_inner][\/vc_row_inner][\/vc_column][\/vc_row][vc_row css_animation=\u00a0\u00bb\u00a0\u00bb row_type=\u00a0\u00bbrow\u00a0\u00bb use_row_as_full_screen_section=\u00a0\u00bbno\u00a0\u00bb type=\u00a0\u00bbgrid\u00a0\u00bb angled_section=\u00a0\u00bbno\u00a0\u00bb text_align=\u00a0\u00bbleft\u00a0\u00bb background_image_as_pattern=\u00a0\u00bbwithout_pattern\u00a0\u00bb z_index=\u00a0\u00bb\u00a0\u00bb css=\u00a0\u00bb.vc_custom_1523099370325{margin-top: 30px !important;}\u00a0\u00bb][vc_column][vc_row_inner row_type=\u00a0\u00bbrow\u00a0\u00bb type=\u00a0\u00bbfull_width\u00a0\u00bb text_align=\u00a0\u00bbleft\u00a0\u00bb css_animation=\u00a0\u00bb\u00a0\u00bb][vc_column_inner width=\u00a0\u00bb1\/2&Prime; css=\u00a0\u00bb.vc_custom_1523099688965{border-top-width: 8px !important;border-right-width: 8px !important;border-bottom-width: 8px !important;border-left-width: 8px !important;background-color: #f4f4f4 !important;border-left-color: #ffffff !important;border-left-style: solid !important;border-right-color: #ffffff !important;border-right-style: solid !important;border-top-color: #ffffff !important;border-top-style: solid !important;border-bottom-color: #ffffff !important;border-bottom-style: solid !important;}\u00a0\u00bb][vc_column_text]<\/p>\n<h2 style=\"font-size: 34px; line-height: 36px;\">Excursion exclusive d&rsquo;une journ\u00e9e compl\u00e8te<\/h2>\n<p>[\/vc_column_text][vc_empty_space height=\u00a0\u00bb8px\u00a0\u00bb][vc_column_text]R\u00e9servez ici le bateau en usage exclusif pour toute la journ\u00e9e (de 10h \u00e0 18h)<\/p>\n<p>&nbsp;<\/p>\n<div class=\"load-turitop\" data-service=\"P2\" data-lang=\"fr\" data-embed=\"box\"><\/div>\n<p>[\/vc_column_text][vc_empty_space height=\u00a0\u00bb30px\u00a0\u00bb][\/vc_column_inner][vc_column_inner width=\u00a0\u00bb1\/2&Prime; css=\u00a0\u00bb.vc_custom_1523100297283{border-top-width: 8px !important;border-right-width: 8px !important;border-bottom-width: 8px !important;border-left-width: 8px !important;border-left-color: #ffffff !important;border-left-style: solid !important;border-right-color: #ffffff !important;border-right-style: solid !important;border-top-color: #ffffff !important;border-top-style: solid !important;border-bottom-color: #ffffff !important;border-bottom-style: solid !important;}\u00a0\u00bb][\/vc_column_inner][\/vc_row_inner][\/vc_column][\/vc_row]<\/p>\n<\/section>","protected":false},"excerpt":{"rendered":"<p>[vc_row css_animation=\u00a0\u00bb\u00a0\u00bb row_type=\u00a0\u00bbrow\u00a0\u00bb use_row_as_full_screen_section=\u00a0\u00bbno\u00a0\u00bb type=\u00a0\u00bbgrid\u00a0\u00bb angled_section=\u00a0\u00bbno\u00a0\u00bb text_align=\u00a0\u00bbleft\u00a0\u00bb background_image_as_pattern=\u00a0\u00bbwithout_pattern\u00a0\u00bb z_index=\u00a0\u00bb\u00a0\u00bb css=\u00a0\u00bb.vc_custom_1523099370325{margin-top: 30px !important;}\u00a0\u00bb][vc_column][vc_row_inner row_type=\u00a0\u00bbrow\u00a0\u00bb type=\u00a0\u00bbfull_width\u00a0\u00bb text_align=\u00a0\u00bbleft\u00a0\u00bb css_animation=\u00a0\u00bb\u00a0\u00bb][vc_column_inner width=\u00a0\u00bb1\/2&Prime; css=\u00a0\u00bb.vc_custom_1523099688965{border-top-width: 8px !important;border-right-width: 8px !important;border-bottom-width: 8px !important;border-left-width: 8px !important;background-color: #f4f4f4 !important;border-left-color: #ffffff !important;border-left-style: solid !important;border-right-color: #ffffff !important;border-right-style: solid !important;border-top-color: #ffffff !important;border-top-style: solid !important;border-bottom-color: #ffffff !important;border-bottom-style: solid !important;}\u00a0\u00bb][vc_column_text] Excursion&#8230;<\/p>\n","protected":false},"author":1,"featured_media":0,"parent":0,"menu_order":0,"comment_status":"closed","ping_status":"closed","template":"full_width.php","meta":{"footnotes":""},"class_list":["post-346","page","type-page","status-publish","hentry"],"yoast_head":"<!-- This site is optimized with the Yoast SEO Premium plugin v18.5 (Yoast SEO v25.3) - https:\/\/yoast.com\/wordpress\/plugins\/seo\/ -->\n<title>Louer un bateau \u00e0 Minorque<\/title>\n<meta name=\"description\" content=\"Louer un bateau \u00e0 Minorque. Bateau typique \u00ab llaut \u00bb de 12 m\u00e8tres de longueur et de 3,5 m\u00e8tres de construction en bois artisanal, 2 moteurs de 90cv qui permet de naviguer \u00e0 une vitesse de 8 n\u0153uds.\" \/>\n<meta name=\"robots\" content=\"index, follow, max-snippet:-1, max-image-preview:large, max-video-preview:-1\" \/>\n<link rel=\"canonical\" href=\"https:\/\/libermare.com\/fr\/excursions-en-bateau-menorca\/\" \/>\n<meta property=\"og:locale\" content=\"fr_FR\" \/>\n<meta property=\"og:type\" content=\"article\" \/>\n<meta property=\"og:title\" content=\"Louer un bateau \u00e0 Minorque\" \/>\n<meta property=\"og:description\" content=\"Louer un bateau \u00e0 Minorque. Bateau typique \u00ab llaut \u00bb de 12 m\u00e8tres de longueur et de 3,5 m\u00e8tres de construction en bois artisanal, 2 moteurs de 90cv qui permet de naviguer \u00e0 une vitesse de 8 n\u0153uds.\" \/>\n<meta property=\"og:url\" content=\"https:\/\/libermare.com\/fr\/excursions-en-bateau-menorca\/\" \/>\n<meta property=\"og:site_name\" content=\"Excursiones en barco Menorca\" \/>\n<meta property=\"article:modified_time\" content=\"2018-05-08T12:04:10+00:00\" \/>\n<meta name=\"twitter:card\" content=\"summary_large_image\" \/>\n<meta name=\"twitter:label1\" content=\"Dur\u00e9e de lecture estim\u00e9e\" \/>\n\t<meta name=\"twitter:data1\" content=\"2 minutes\" \/>\n<script type=\"application\/ld+json\" class=\"yoast-schema-graph\">{\"@context\":\"https:\/\/schema.org\",\"@graph\":[{\"@type\":\"WebPage\",\"@id\":\"https:\/\/libermare.com\/fr\/excursions-en-bateau-menorca\/\",\"url\":\"https:\/\/libermare.com\/fr\/excursions-en-bateau-menorca\/\",\"name\":\"Louer un bateau \u00e0 Minorque\",\"isPartOf\":{\"@id\":\"https:\/\/libermare.com\/#website\"},\"datePublished\":\"2018-02-20T08:21:04+00:00\",\"dateModified\":\"2018-05-08T12:04:10+00:00\",\"description\":\"Louer un bateau \u00e0 Minorque. Bateau typique \u00ab llaut \u00bb de 12 m\u00e8tres de longueur et de 3,5 m\u00e8tres de construction en bois artisanal, 2 moteurs de 90cv qui permet de naviguer \u00e0 une vitesse de 8 n\u0153uds.\",\"breadcrumb\":{\"@id\":\"https:\/\/libermare.com\/fr\/excursions-en-bateau-menorca\/#breadcrumb\"},\"inLanguage\":\"fr-FR\",\"potentialAction\":[{\"@type\":\"ReadAction\",\"target\":[\"https:\/\/libermare.com\/fr\/excursions-en-bateau-menorca\/\"]}]},{\"@type\":\"BreadcrumbList\",\"@id\":\"https:\/\/libermare.com\/fr\/excursions-en-bateau-menorca\/#breadcrumb\",\"itemListElement\":[{\"@type\":\"ListItem\",\"position\":1,\"name\":\"Portada\",\"item\":\"https:\/\/libermare.com\/fr\/\"},{\"@type\":\"ListItem\",\"position\":2,\"name\":\"Louer un bateau \u00e0 Minorque\"}]},{\"@type\":\"WebSite\",\"@id\":\"https:\/\/libermare.com\/#website\",\"url\":\"https:\/\/libermare.com\/\",\"name\":\"Excursiones en barco Menorca\",\"description\":\"Alquiler barco Menorca\",\"potentialAction\":[{\"@type\":\"SearchAction\",\"target\":{\"@type\":\"EntryPoint\",\"urlTemplate\":\"https:\/\/libermare.com\/?s={search_term_string}\"},\"query-input\":{\"@type\":\"PropertyValueSpecification\",\"valueRequired\":true,\"valueName\":\"search_term_string\"}}],\"inLanguage\":\"fr-FR\"}]}<\/script>\n<!-- \/ Yoast SEO Premium plugin. -->","yoast_head_json":{"title":"Louer un bateau \u00e0 Minorque","description":"Louer un bateau \u00e0 Minorque. Bateau typique \u00ab llaut \u00bb de 12 m\u00e8tres de longueur et de 3,5 m\u00e8tres de construction en bois artisanal, 2 moteurs de 90cv qui permet de naviguer \u00e0 une vitesse de 8 n\u0153uds.","robots":{"index":"index","follow":"follow","max-snippet":"max-snippet:-1","max-image-preview":"max-image-preview:large","max-video-preview":"max-video-preview:-1"},"canonical":"https:\/\/libermare.com\/fr\/excursions-en-bateau-menorca\/","og_locale":"fr_FR","og_type":"article","og_title":"Louer un bateau \u00e0 Minorque","og_description":"Louer un bateau \u00e0 Minorque. Bateau typique \u00ab llaut \u00bb de 12 m\u00e8tres de longueur et de 3,5 m\u00e8tres de construction en bois artisanal, 2 moteurs de 90cv qui permet de naviguer \u00e0 une vitesse de 8 n\u0153uds.","og_url":"https:\/\/libermare.com\/fr\/excursions-en-bateau-menorca\/","og_site_name":"Excursiones en barco Menorca","article_modified_time":"2018-05-08T12:04:10+00:00","twitter_card":"summary_large_image","twitter_misc":{"Dur\u00e9e de lecture estim\u00e9e":"2 minutes"},"schema":{"@context":"https:\/\/schema.org","@graph":[{"@type":"WebPage","@id":"https:\/\/libermare.com\/fr\/excursions-en-bateau-menorca\/","url":"https:\/\/libermare.com\/fr\/excursions-en-bateau-menorca\/","name":"Louer un bateau \u00e0 Minorque","isPartOf":{"@id":"https:\/\/libermare.com\/#website"},"datePublished":"2018-02-20T08:21:04+00:00","dateModified":"2018-05-08T12:04:10+00:00","description":"Louer un bateau \u00e0 Minorque. Bateau typique \u00ab llaut \u00bb de 12 m\u00e8tres de longueur et de 3,5 m\u00e8tres de construction en bois artisanal, 2 moteurs de 90cv qui permet de naviguer \u00e0 une vitesse de 8 n\u0153uds.","breadcrumb":{"@id":"https:\/\/libermare.com\/fr\/excursions-en-bateau-menorca\/#breadcrumb"},"inLanguage":"fr-FR","potentialAction":[{"@type":"ReadAction","target":["https:\/\/libermare.com\/fr\/excursions-en-bateau-menorca\/"]}]},{"@type":"BreadcrumbList","@id":"https:\/\/libermare.com\/fr\/excursions-en-bateau-menorca\/#breadcrumb","itemListElement":[{"@type":"ListItem","position":1,"name":"Portada","item":"https:\/\/libermare.com\/fr\/"},{"@type":"ListItem","position":2,"name":"Louer un bateau \u00e0 Minorque"}]},{"@type":"WebSite","@id":"https:\/\/libermare.com\/#website","url":"https:\/\/libermare.com\/","name":"Excursiones en barco Menorca","description":"Alquiler barco Menorca","potentialAction":[{"@type":"SearchAction","target":{"@type":"EntryPoint","urlTemplate":"https:\/\/libermare.com\/?s={search_term_string}"},"query-input":{"@type":"PropertyValueSpecification","valueRequired":true,"valueName":"search_term_string"}}],"inLanguage":"fr-FR"}]}},"_links":{"self":[{"href":"https:\/\/libermare.com\/fr\/wp-json\/wp\/v2\/pages\/346","targetHints":{"allow":["GET"]}}],"collection":[{"href":"https:\/\/libermare.com\/fr\/wp-json\/wp\/v2\/pages"}],"about":[{"href":"https:\/\/libermare.com\/fr\/wp-json\/wp\/v2\/types\/page"}],"author":[{"embeddable":true,"href":"https:\/\/libermare.com\/fr\/wp-json\/wp\/v2\/users\/1"}],"replies":[{"embeddable":true,"href":"https:\/\/libermare.com\/fr\/wp-json\/wp\/v2\/comments?post=346"}],"version-history":[{"count":6,"href":"https:\/\/libermare.com\/fr\/wp-json\/wp\/v2\/pages\/346\/revisions"}],"predecessor-version":[{"id":507,"href":"https:\/\/libermare.com\/fr\/wp-json\/wp\/v2\/pages\/346\/revisions\/507"}],"wp:attachment":[{"href":"https:\/\/libermare.com\/fr\/wp-json\/wp\/v2\/media?parent=346"}],"curies":[{"name":"wp","href":"https:\/\/api.w.org\/{rel}","templated":true}]}}