{"id":382,"date":"2018-03-28T12:40:21","date_gmt":"2018-03-28T12:40:21","guid":{"rendered":"http:\/\/libermare.com.mialias.net\/condiciones-y-privacidad\/"},"modified":"2018-04-20T08:46:04","modified_gmt":"2018-04-20T08:46:04","slug":"condiciones-y-privacidad","status":"publish","type":"page","link":"https:\/\/libermare.com\/fr\/condiciones-y-privacidad\/","title":{"rendered":"Conditions et confidentialit\u00e9"},"content":{"rendered":"<section class=\"wpb-content-wrapper\"><p>[vc_row css_animation=\u00a0\u00bb\u00a0\u00bb row_type=\u00a0\u00bbrow\u00a0\u00bb use_row_as_full_screen_section=\u00a0\u00bbno\u00a0\u00bb type=\u00a0\u00bbfull_width\u00a0\u00bb angled_section=\u00a0\u00bbno\u00a0\u00bb text_align=\u00a0\u00bbleft\u00a0\u00bb background_image_as_pattern=\u00a0\u00bbwithout_pattern\u00a0\u00bb][vc_column][vc_column_text]<\/p>\n<h3>POLITIQUE DE CHANGEMENT ET D\u2019ANNULATION<\/h3>\n<p>&nbsp;<\/p>\n<p>Sur cette page, notre politique de changements et \/ ou d\u2019annulations de r\u00e9servations pour toutes les diff\u00e9rentes causes que nous pouvons pr\u00e9voir est collect\u00e9e.<\/p>\n<p>&nbsp;<\/p>\n<p>A) CONDITIONS M\u00c9T\u00c9ROLOGIQUES D\u00c9FAVORABLES<\/p>\n<p>&nbsp;<\/p>\n<p>Dans le cas o\u00f9 les conditions m\u00e9t\u00e9orologiques seraient d\u00e9favorables, nous agirons de la mani\u00e8re suivante:<\/p>\n<p>&nbsp;<\/p>\n<p>1.1 Nous chercherons une autre date \/ heure:<\/p>\n<p>&nbsp;<\/p>\n<p>L\u2019option la plus logique serait d\u2019essayer de trouver une autre date. Dans le cas de ne pas \u00eatre en mesure d\u2019offrir une date alternative ou que les clients ne peuvent pas adapter leur agenda \u00e0 la nouvelle date, un itin\u00e9raire alternatif pour le m\u00eame jour sera offert. M\u00eame dans la m\u00eame journ\u00e9e, nous allons essayer d\u2019adapter l\u2019heure de d\u00e9part et d\u2019arriv\u00e9e afin d\u2019\u00e9viter le mauvais temps possible au mieux de nos capacit\u00e9s. Le changement de date ou d\u2019horaire n\u2019implique aucune r\u00e9duction du taux ou des conditions du contrat \u00e0 moins que la p\u00e9riode de l\u2019excursion ne soit r\u00e9duite. Dans ce cas, le nouveau taux correspondant \u00e0 la nouvelle dur\u00e9e du tour serait appliqu\u00e9. En aucun cas on pourra d\u00e9cider de raccourcir l\u2019excursion en marche, une fois initi\u00e9e la m\u00eame, en signifiant ceci dans une r\u00e9duction du tarif.<\/p>\n<p>&nbsp;<\/p>\n<p>1.2 Nous chercherons un itin\u00e9raire alternatif:<\/p>\n<p>&nbsp;<\/p>\n<p>Parfois, il arrive que les conditions m\u00e9t\u00e9orologiques sont d\u00e9favorables \u00e0 la navigation seulement dans une zone sp\u00e9cifique de l\u2019\u00eele. Ensuite, le voyage en bateau aura lieu dans un itin\u00e9raire diff\u00e9rent de celui pr\u00e9vu initialement, sans possibilit\u00e9 pour les clients de choisir l\u2019itin\u00e9raire dans lequel les conditions sont d\u00e9favorables Si les clients refusent ce nouvel itin\u00e9raire offert en raison des conditions m\u00e9t\u00e9orologiques , ils n\u2019auraient pas le droit de r\u00e9cup\u00e9rer les montants avanc\u00e9s pour formaliser la r\u00e9servation.<\/p>\n<p>&nbsp;<\/p>\n<p>La totalit\u00e9 des avances livr\u00e9es sera restitu\u00e9e Si les conditions m\u00e9t\u00e9orologiques emp\u00eachent la c\u00e9l\u00e9bration de l\u2019excursion et nous ne pouvons pas trouver une autre date, nous ne pouvons pas offrir un itin\u00e9raire alternatif confortable et s\u00fbr, nous allons proc\u00e9der \u00e0 retourner le total des montants livr\u00e9s \u00e0 l\u2019avance. . Les retours seront effectu\u00e9s dans un d\u00e9lai de 48 heures ouvrables par virement bancaire sur le compte indiqu\u00e9 par le client.<\/p>\n<p>&nbsp;<\/p>\n<h3>TRAITEMENT DE DONN\u00c9ES CLIENT<\/h3>\n<p>&nbsp;<\/p>\n<p>Clause informative: Responsable: Identit\u00e9:<\/p>\n<p>&nbsp;<\/p>\n<p>Daniel Coll Pons<\/p>\n<p>&nbsp;<\/p>\n<p>Carrer Rvdo. Pare Huguet, 5-2\u00ba 07750 FERRERIES<\/p>\n<p>&nbsp;<\/p>\n<p>N.I.F.: 41.739.942-W T\u00e9l\u00e9phone 636071807 Mail:dannylibermare@gmail.com<\/p>\n<p>&nbsp;<\/p>\n<p>\u201cAu nom de l\u2019entreprise, nous traitons les informations que vous nous fournissez afin de leur fournir le service demand\u00e9, effectuer la facturation de la m\u00eame chose. Les donn\u00e9es fournies seront conserv\u00e9es tant que la relation commerciale est maintenue ou pendant les ann\u00e9es n\u00e9cessaires pour se conformer aux obligations l\u00e9gales. Les donn\u00e9es ne seront pas transf\u00e9r\u00e9es \u00e0 des tiers, sauf dans les cas o\u00f9 il existe une obligation l\u00e9gale. Vous avez le droit d\u2019obtenir la confirmation que nous traitons vos donn\u00e9es personnelles dans cette entreprise, vous avez donc le droit d\u2019acc\u00e9der \u00e0 vos donn\u00e9es personnelles, de corriger des donn\u00e9es inexactes ou de demander leur suppression lorsque les donn\u00e9es ne sont plus n\u00e9cessaires. Je demande \u00e9galement votre autorisation d\u2019offrir des produits et services li\u00e9s \u00e0 ceux demand\u00e9s et de vous retenir en tant que client.\u201d<\/p>\n<p>&nbsp;<\/p>\n<h3>AVIS JURIDIQUE<\/h3>\n<p>&nbsp;<\/p>\n<p>Conform\u00e9ment \u00e0 la loi 34\/2002 du 11 juillet sur les services de la soci\u00e9t\u00e9 de l\u2019information et du commerce \u00e9lectronique (LSSI-CE), Daniel Coll Pons informe qu\u2019il poss\u00e8de le site internet: libermare.com. Conform\u00e9ment \u00e0 l\u2019exigence de l\u2019article 10 de la loi susmentionn\u00e9e, il rapporte les informations suivantes: Le propri\u00e9taire de ce site est<\/p>\n<p>&nbsp;<\/p>\n<p>Daniel Coll Pons<\/p>\n<p>&nbsp;<\/p>\n<p>Carrer Rvdo. Pare Huguet, 5-2\u00ba 07750 FERRERIES<\/p>\n<p>&nbsp;<\/p>\n<p>N.I.F.: 41.739.942-W<\/p>\n<p>&nbsp;<\/p>\n<h3>USER AND REGIME OF RESPONSIBILITIES<\/h3>\n<p>&nbsp;<\/p>\n<p>La navigation, l\u2019acc\u00e8s et l\u2019utilisation par le site web de veleroarrayan.com conf\u00e8re \u00e0 l\u2019utilisateur, par lequel il est accept\u00e9, la possibilit\u00e9 de consulter le site internet de libermare.com toutes les conditions d\u2019utilisation \u00e9tablies ici sans pr\u00e9judice de l\u2019application de les r\u00e8glements correspondants de conformit\u00e9 l\u00e9gale obligatoire selon le cas. Le site libermare.com fournit une grande diversit\u00e9 d\u2019informations, de services et de donn\u00e9es. L\u2019utilisateur assume sa responsabilit\u00e9 dans l\u2019utilisation correcte du site. Cette responsabilit\u00e9 s\u2019\u00e9tendra \u00e0:<\/p>\n<p>&nbsp;<\/p>\n<p>\u00b7 La v\u00e9racit\u00e9 et la l\u00e9galit\u00e9 des informations fournies par l\u2019utilisateur dans les formulaires \u00e9tendus par libermare.com pour l\u2019acc\u00e8s \u00e0 certains contenus ou services offerts par le web.<\/p>\n<p>&nbsp;<\/p>\n<p>\u00b7 L\u2019utilisation des informations, services et donn\u00e9es offerts par libermare.com contrairement aux dispositions de ces conditions, la loi, la morale, les bonnes coutumes ou l\u2019ordre public, ou qui peuvent autrement impliquer des droits de blessures de tiers ou le m\u00eame fonctionnement du site.<\/p>\n<p>&nbsp;<\/p>\n<h3>LIENS POLITIQUES ET EXEMPTIONS DE RESPONSABILIT\u00c9<\/h3>\n<p>&nbsp;<\/p>\n<p>Daniel Coll Pons n\u2019est pas responsable du contenu des sites Web auxquels l\u2019utilisateur peut acc\u00e9der par le biais des liens \u00e9tablis sur son site Web et d\u00e9clare qu\u2019en aucun cas il ne sera proc\u00e9d\u00e9 \u00e0 l\u2019examen ou \u00e0 l\u2019exercice de tout type de contr\u00f4le.[\/vc_column_text][\/vc_column][\/vc_row][vc_row css_animation=\u00a0\u00bb\u00a0\u00bb row_type=\u00a0\u00bbrow\u00a0\u00bb use_row_as_full_screen_section=\u00a0\u00bbno\u00a0\u00bb type=\u00a0\u00bbfull_width\u00a0\u00bb angled_section=\u00a0\u00bbno\u00a0\u00bb text_align=\u00a0\u00bbleft\u00a0\u00bb background_image_as_pattern=\u00a0\u00bbwithout_pattern\u00a0\u00bb][vc_column][vc_empty_space height=\u00a0\u00bb50px\u00a0\u00bb][\/vc_column][\/vc_row]<\/p>\n<\/section>","protected":false},"excerpt":{"rendered":"<p>[vc_row css_animation=\u00a0\u00bb\u00a0\u00bb row_type=\u00a0\u00bbrow\u00a0\u00bb use_row_as_full_screen_section=\u00a0\u00bbno\u00a0\u00bb type=\u00a0\u00bbfull_width\u00a0\u00bb angled_section=\u00a0\u00bbno\u00a0\u00bb text_align=\u00a0\u00bbleft\u00a0\u00bb background_image_as_pattern=\u00a0\u00bbwithout_pattern\u00a0\u00bb][vc_column][vc_column_text] POLITIQUE DE CHANGEMENT ET D\u2019ANNULATION &nbsp; Sur cette page, notre politique de changements et \/ ou d\u2019annulations de r\u00e9servations pour toutes les diff\u00e9rentes causes que nous pouvons pr\u00e9voir est collect\u00e9e. &nbsp; A) CONDITIONS M\u00c9T\u00c9ROLOGIQUES D\u00c9FAVORABLES &nbsp; Dans&#8230;<\/p>\n","protected":false},"author":1,"featured_media":0,"parent":0,"menu_order":0,"comment_status":"closed","ping_status":"closed","template":"","meta":{"footnotes":""},"class_list":["post-382","page","type-page","status-publish","hentry"],"yoast_head":"<!-- This site is optimized with the Yoast SEO Premium plugin v18.5 (Yoast SEO v25.3) - https:\/\/yoast.com\/wordpress\/plugins\/seo\/ -->\n<title>Conditions et confidentialit\u00e9 - Excursiones en barco Menorca<\/title>\n<meta name=\"robots\" content=\"index, follow, max-snippet:-1, max-image-preview:large, max-video-preview:-1\" \/>\n<link rel=\"canonical\" href=\"https:\/\/libermare.com\/fr\/condiciones-y-privacidad\/\" \/>\n<meta property=\"og:locale\" content=\"fr_FR\" \/>\n<meta property=\"og:type\" content=\"article\" \/>\n<meta property=\"og:title\" content=\"Conditions et confidentialit\u00e9\" \/>\n<meta property=\"og:description\" content=\"[vc_row css_animation=\u00a0\u00bb\u00a0\u00bb row_type=\u00a0\u00bbrow\u00a0\u00bb use_row_as_full_screen_section=\u00a0\u00bbno\u00a0\u00bb type=\u00a0\u00bbfull_width\u00a0\u00bb angled_section=\u00a0\u00bbno\u00a0\u00bb text_align=\u00a0\u00bbleft\u00a0\u00bb background_image_as_pattern=\u00a0\u00bbwithout_pattern\u00a0\u00bb][vc_column][vc_column_text] POLITIQUE DE CHANGEMENT ET D\u2019ANNULATION &nbsp; Sur cette page, notre politique de changements et \/ ou d\u2019annulations de r\u00e9servations pour toutes les diff\u00e9rentes causes que nous pouvons pr\u00e9voir est collect\u00e9e. &nbsp; A) CONDITIONS M\u00c9T\u00c9ROLOGIQUES D\u00c9FAVORABLES &nbsp; Dans...\" \/>\n<meta property=\"og:url\" content=\"https:\/\/libermare.com\/fr\/condiciones-y-privacidad\/\" \/>\n<meta property=\"og:site_name\" content=\"Excursiones en barco Menorca\" \/>\n<meta property=\"article:modified_time\" content=\"2018-04-20T08:46:04+00:00\" \/>\n<meta name=\"twitter:card\" content=\"summary_large_image\" \/>\n<meta name=\"twitter:label1\" content=\"Dur\u00e9e de lecture estim\u00e9e\" \/>\n\t<meta name=\"twitter:data1\" content=\"5 minutes\" \/>\n<script type=\"application\/ld+json\" class=\"yoast-schema-graph\">{\"@context\":\"https:\/\/schema.org\",\"@graph\":[{\"@type\":\"WebPage\",\"@id\":\"https:\/\/libermare.com\/fr\/condiciones-y-privacidad\/\",\"url\":\"https:\/\/libermare.com\/fr\/condiciones-y-privacidad\/\",\"name\":\"Conditions et confidentialit\u00e9 - Excursiones en barco Menorca\",\"isPartOf\":{\"@id\":\"https:\/\/libermare.com\/#website\"},\"datePublished\":\"2018-03-28T12:40:21+00:00\",\"dateModified\":\"2018-04-20T08:46:04+00:00\",\"breadcrumb\":{\"@id\":\"https:\/\/libermare.com\/fr\/condiciones-y-privacidad\/#breadcrumb\"},\"inLanguage\":\"fr-FR\",\"potentialAction\":[{\"@type\":\"ReadAction\",\"target\":[\"https:\/\/libermare.com\/fr\/condiciones-y-privacidad\/\"]}]},{\"@type\":\"BreadcrumbList\",\"@id\":\"https:\/\/libermare.com\/fr\/condiciones-y-privacidad\/#breadcrumb\",\"itemListElement\":[{\"@type\":\"ListItem\",\"position\":1,\"name\":\"Portada\",\"item\":\"https:\/\/libermare.com\/fr\/\"},{\"@type\":\"ListItem\",\"position\":2,\"name\":\"Conditions et confidentialit\u00e9\"}]},{\"@type\":\"WebSite\",\"@id\":\"https:\/\/libermare.com\/#website\",\"url\":\"https:\/\/libermare.com\/\",\"name\":\"Excursiones en barco Menorca\",\"description\":\"Alquiler barco Menorca\",\"potentialAction\":[{\"@type\":\"SearchAction\",\"target\":{\"@type\":\"EntryPoint\",\"urlTemplate\":\"https:\/\/libermare.com\/?s={search_term_string}\"},\"query-input\":{\"@type\":\"PropertyValueSpecification\",\"valueRequired\":true,\"valueName\":\"search_term_string\"}}],\"inLanguage\":\"fr-FR\"}]}<\/script>\n<!-- \/ Yoast SEO Premium plugin. -->","yoast_head_json":{"title":"Conditions et confidentialit\u00e9 - Excursiones en barco Menorca","robots":{"index":"index","follow":"follow","max-snippet":"max-snippet:-1","max-image-preview":"max-image-preview:large","max-video-preview":"max-video-preview:-1"},"canonical":"https:\/\/libermare.com\/fr\/condiciones-y-privacidad\/","og_locale":"fr_FR","og_type":"article","og_title":"Conditions et confidentialit\u00e9","og_description":"[vc_row css_animation=\u00a0\u00bb\u00a0\u00bb row_type=\u00a0\u00bbrow\u00a0\u00bb use_row_as_full_screen_section=\u00a0\u00bbno\u00a0\u00bb type=\u00a0\u00bbfull_width\u00a0\u00bb angled_section=\u00a0\u00bbno\u00a0\u00bb text_align=\u00a0\u00bbleft\u00a0\u00bb background_image_as_pattern=\u00a0\u00bbwithout_pattern\u00a0\u00bb][vc_column][vc_column_text] POLITIQUE DE CHANGEMENT ET D\u2019ANNULATION &nbsp; Sur cette page, notre politique de changements et \/ ou d\u2019annulations de r\u00e9servations pour toutes les diff\u00e9rentes causes que nous pouvons pr\u00e9voir est collect\u00e9e. &nbsp; A) CONDITIONS M\u00c9T\u00c9ROLOGIQUES D\u00c9FAVORABLES &nbsp; Dans...","og_url":"https:\/\/libermare.com\/fr\/condiciones-y-privacidad\/","og_site_name":"Excursiones en barco Menorca","article_modified_time":"2018-04-20T08:46:04+00:00","twitter_card":"summary_large_image","twitter_misc":{"Dur\u00e9e de lecture estim\u00e9e":"5 minutes"},"schema":{"@context":"https:\/\/schema.org","@graph":[{"@type":"WebPage","@id":"https:\/\/libermare.com\/fr\/condiciones-y-privacidad\/","url":"https:\/\/libermare.com\/fr\/condiciones-y-privacidad\/","name":"Conditions et confidentialit\u00e9 - Excursiones en barco Menorca","isPartOf":{"@id":"https:\/\/libermare.com\/#website"},"datePublished":"2018-03-28T12:40:21+00:00","dateModified":"2018-04-20T08:46:04+00:00","breadcrumb":{"@id":"https:\/\/libermare.com\/fr\/condiciones-y-privacidad\/#breadcrumb"},"inLanguage":"fr-FR","potentialAction":[{"@type":"ReadAction","target":["https:\/\/libermare.com\/fr\/condiciones-y-privacidad\/"]}]},{"@type":"BreadcrumbList","@id":"https:\/\/libermare.com\/fr\/condiciones-y-privacidad\/#breadcrumb","itemListElement":[{"@type":"ListItem","position":1,"name":"Portada","item":"https:\/\/libermare.com\/fr\/"},{"@type":"ListItem","position":2,"name":"Conditions et confidentialit\u00e9"}]},{"@type":"WebSite","@id":"https:\/\/libermare.com\/#website","url":"https:\/\/libermare.com\/","name":"Excursiones en barco Menorca","description":"Alquiler barco Menorca","potentialAction":[{"@type":"SearchAction","target":{"@type":"EntryPoint","urlTemplate":"https:\/\/libermare.com\/?s={search_term_string}"},"query-input":{"@type":"PropertyValueSpecification","valueRequired":true,"valueName":"search_term_string"}}],"inLanguage":"fr-FR"}]}},"_links":{"self":[{"href":"https:\/\/libermare.com\/fr\/wp-json\/wp\/v2\/pages\/382","targetHints":{"allow":["GET"]}}],"collection":[{"href":"https:\/\/libermare.com\/fr\/wp-json\/wp\/v2\/pages"}],"about":[{"href":"https:\/\/libermare.com\/fr\/wp-json\/wp\/v2\/types\/page"}],"author":[{"embeddable":true,"href":"https:\/\/libermare.com\/fr\/wp-json\/wp\/v2\/users\/1"}],"replies":[{"embeddable":true,"href":"https:\/\/libermare.com\/fr\/wp-json\/wp\/v2\/comments?post=382"}],"version-history":[{"count":4,"href":"https:\/\/libermare.com\/fr\/wp-json\/wp\/v2\/pages\/382\/revisions"}],"predecessor-version":[{"id":412,"href":"https:\/\/libermare.com\/fr\/wp-json\/wp\/v2\/pages\/382\/revisions\/412"}],"wp:attachment":[{"href":"https:\/\/libermare.com\/fr\/wp-json\/wp\/v2\/media?parent=382"}],"curies":[{"name":"wp","href":"https:\/\/api.w.org\/{rel}","templated":true}]}}