{"id":388,"date":"2018-02-19T08:23:05","date_gmt":"2018-02-19T08:23:05","guid":{"rendered":"http:\/\/libermare.com.mialias.net\/home\/"},"modified":"2019-11-07T08:39:05","modified_gmt":"2019-11-07T08:39:05","slug":"home","status":"publish","type":"page","link":"https:\/\/libermare.com\/fr\/","title":{"rendered":"Home"},"content":{"rendered":"<section class=\"wpb-content-wrapper\"><p>[vc_row css_animation=\u00a0\u00bb\u00a0\u00bb row_type=\u00a0\u00bbrow\u00a0\u00bb use_row_as_full_screen_section=\u00a0\u00bbno\u00a0\u00bb type=\u00a0\u00bbfull_width\u00a0\u00bb angled_section=\u00a0\u00bbno\u00a0\u00bb text_align=\u00a0\u00bbleft\u00a0\u00bb background_image_as_pattern=\u00a0\u00bbwithout_pattern\u00a0\u00bb z_index=\u00a0\u00bb\u00a0\u00bb][vc_column][rev_slider_vc alias=\u00a0\u00bbhome-slider-fr\u00a0\u00bb][\/vc_column][\/vc_row][vc_row css_animation=\u00a0\u00bb\u00a0\u00bb row_type=\u00a0\u00bbrow\u00a0\u00bb use_row_as_full_screen_section=\u00a0\u00bbno\u00a0\u00bb type=\u00a0\u00bbgrid\u00a0\u00bb angled_section=\u00a0\u00bbno\u00a0\u00bb text_align=\u00a0\u00bbleft\u00a0\u00bb background_image_as_pattern=\u00a0\u00bbwithout_pattern\u00a0\u00bb z_index=\u00a0\u00bb\u00a0\u00bb css=\u00a0\u00bb.vc_custom_1522951755169{padding-top: 70px !important;padding-bottom: 70px !important;}\u00a0\u00bb][vc_column width=\u00a0\u00bb1\/4&Prime;][vc_column_text]<\/p>\n<h2 style=\"color: #4d8bd2; font-family: 'Kalam', sans-serif; font-size: 23px; line-height: 27px; font-weight: 400; letter-spacing: 0px; text-transform: none;\">Excursions en bateau Minorque<\/h2>\n<p>[\/vc_column_text][vc_empty_space height=\u00a0\u00bb12px\u00a0\u00bb][vc_column_text]<\/p>\n<h2>D\u00e9couvrez les criques de la c\u00f4te sud de Minorque<\/h2>\n<p>[\/vc_column_text][vc_empty_space height=\u00a0\u00bb33px\u00a0\u00bb]<a  itemprop=\"url\" href=\"https:\/\/libermare.com\/fr\/excursions-en-bateau-menorca\/\" target=\"_self\"  class=\"qbutton  default\" style=\"\">R\u00c9SERVEZ MAINTENANT<\/a>[vc_empty_space height=\u00a0\u00bb30px\u00a0\u00bb][\/vc_column][vc_column width=\u00a0\u00bb3\/4&Prime;][vc_row_inner row_type=\u00a0\u00bbrow\u00a0\u00bb type=\u00a0\u00bbfull_width\u00a0\u00bb text_align=\u00a0\u00bbleft\u00a0\u00bb css_animation=\u00a0\u00bb\u00a0\u00bb][vc_column_inner width=\u00a0\u00bb1\/3&Prime;][vc_single_image image=\u00a0\u00bb365&Prime; img_size=\u00a0\u00bbfull\u00a0\u00bb alignment=\u00a0\u00bbcenter\u00a0\u00bb qode_css_animation=\u00a0\u00bb\u00a0\u00bb][vc_empty_space height=\u00a0\u00bb37px\u00a0\u00bb][vc_column_text]<\/p>\n<h3 style=\"text-align: center;\">Point de rencontre<\/h3>\n<p>[\/vc_column_text][vc_empty_space height=\u00a0\u00bb19px\u00a0\u00bb][vc_column_text]<\/p>\n<p style=\"text-align: center;\">Le point de rendez-vous est le mouillage n \u00b0 73, devant le bar \u00ab Alaska \u00bb, 15 minutes avant le d\u00e9but de l\u2019activit\u00e9, dans la petite rivi\u00e8re qui est sur le c\u00f4t\u00e9 droit de Cala Galdana.<\/p>\n<p>[\/vc_column_text][vc_empty_space height=\u00a0\u00bb30px\u00a0\u00bb][\/vc_column_inner][vc_column_inner width=\u00a0\u00bb1\/3&Prime;][vc_single_image image=\u00a0\u00bb235&Prime; img_size=\u00a0\u00bbfull\u00a0\u00bb alignment=\u00a0\u00bbcenter\u00a0\u00bb qode_css_animation=\u00a0\u00bb\u00a0\u00bb][vc_empty_space height=\u00a0\u00bb37px\u00a0\u00bb][vc_column_text]<\/p>\n<h3 style=\"text-align: center;\">Exploration<\/h3>\n<p>[\/vc_column_text][vc_empty_space height=\u00a0\u00bb19px\u00a0\u00bb][vc_column_text]<\/p>\n<p style=\"text-align: center;\">Nous visiterons des criques inaccessibles telles que Cala Escorxada, Cala Fustam, Trebaluger, Macarella, Macarelleta et Cala Turqueta, en s\u2019arr\u00eatant \u00e0 deux d\u2019entre eux pour prendre un bain.<\/p>\n<p>[\/vc_column_text][vc_empty_space height=\u00a0\u00bb30px\u00a0\u00bb][\/vc_column_inner][vc_column_inner width=\u00a0\u00bb1\/3&Prime;][vc_single_image image=\u00a0\u00bb234&Prime; img_size=\u00a0\u00bbfull\u00a0\u00bb alignment=\u00a0\u00bbcenter\u00a0\u00bb qode_css_animation=\u00a0\u00bb\u00a0\u00bb][vc_empty_space height=\u00a0\u00bb37px\u00a0\u00bb][vc_column_text]<\/p>\n<h3 style=\"text-align: center;\">Aventures<\/h3>\n<p>[\/vc_column_text][vc_empty_space height=\u00a0\u00bb19px\u00a0\u00bb][vc_column_text]<\/p>\n<p style=\"text-align: center;\">Nous proposons deux excursions, l\u2019une le matin de 10h \u00e0 13h30 et l\u2019autre l\u2019apr\u00e8s-midi de 14h30 \u00e0 6h. Vous pouvez louer le bateau entier \u00e0 l\u2019usage exclusif, ou par places.<\/p>\n<p>[\/vc_column_text][vc_empty_space height=\u00a0\u00bb30px\u00a0\u00bb][\/vc_column_inner][\/vc_row_inner][\/vc_column][\/vc_row][vc_row css_animation=\u00a0\u00bb\u00a0\u00bb row_type=\u00a0\u00bbrow\u00a0\u00bb use_row_as_full_screen_section=\u00a0\u00bbno\u00a0\u00bb type=\u00a0\u00bbgrid\u00a0\u00bb angled_section=\u00a0\u00bbno\u00a0\u00bb text_align=\u00a0\u00bbcenter\u00a0\u00bb background_image_as_pattern=\u00a0\u00bbwithout_pattern\u00a0\u00bb padding_top=\u00a0\u00bb120&Prime; padding_bottom=\u00a0\u00bb81&Prime; z_index=\u00a0\u00bb\u00a0\u00bb css=\u00a0\u00bb.vc_custom_1523012230802{background-image: url(http:\/\/libermare.com.mialias.net\/wp-content\/uploads\/2018\/04\/cala-galdana.jpg?id=316) !important;background-position: center !important;background-repeat: no-repeat !important;background-size: cover !important;}\u00a0\u00bb][vc_column][vc_row_inner row_type=\u00a0\u00bbrow\u00a0\u00bb type=\u00a0\u00bbfull_width\u00a0\u00bb text_align=\u00a0\u00bbcenter\u00a0\u00bb css_animation=\u00a0\u00bb\u00a0\u00bb padding_bottom=\u00a0\u00bb71&Prime;][vc_column_inner width=\u00a0\u00bb5\/6&Prime; offset=\u00a0\u00bbvc_col-sm-offset-1&Prime;][vc_column_text]<\/p>\n<h4>Cala Galdana<\/h4>\n<p>[\/vc_column_text][vc_empty_space height=\u00a0\u00bb12px\u00a0\u00bb][vc_column_text]<\/p>\n<h2>O\u00f9 nous trouver<\/h2>\n<p>[\/vc_column_text][vc_empty_space height=\u00a0\u00bb26px\u00a0\u00bb][vc_column_text]<\/p>\n<h5>Le point de rendez-vous est le mouillage n \u00b0 73, devant le bar \u00ab Alaska \u00bb, 15 minutes avant le d\u00e9but de l\u2019activit\u00e9, dans la petite rivi\u00e8re qui est sur le c\u00f4t\u00e9 droit de Cala Galdana.<\/h5>\n<p>[\/vc_column_text][vc_empty_space height=\u00a0\u00bb26px\u00a0\u00bb][vc_gmaps link=\u00a0\u00bb#E-8_JTNDaWZyYW1lJTIwc3JjJTNEJTIyaHR0cHMlM0ElMkYlMkZ3d3cuZ29vZ2xlLmNvbSUyRm1hcHMlMkZlbWJlZCUzRnBiJTNEJTIxMW0xOCUyMTFtMTIlMjExbTMlMjExZDEwNTkwLjgyNTMyNzEyMjc2JTIxMmQzLjk1NjAyMjkxMTEyNzYxMzclMjEzZDM5Ljk0MDYxNDEwOTQ5NTI3JTIxMm0zJTIxMWYwJTIxMmYwJTIxM2YwJTIxM20yJTIxMWkxMDI0JTIxMmk3NjglMjE0ZjEzLjElMjEzbTMlMjExbTIlMjExczB4MCUyNTNBMHg4MmFhOTQ0ZWIxMzA4NTkzJTIxMnNFeGN1cnNpb25lcyUyNTIwZW4lMjUyMGJhcmNvJTI1MjBwb3IlMjUyME1lbm9yY2EuJTI1MjBDYWxhJTI1MjBHYWxkYW5hJTI1MjAtJTI1MjBMaWJlciUyNTIwTWFyZSUyMTVlMCUyMTNtMiUyMTFzZXMlMjEyc2VzJTIxNHYxNTczMTE1MTc2MDA2JTIxNW0yJTIxMXNlcyUyMTJzZXMlMjIlMjB3aWR0aCUzRCUyMjEwMjQlMjIlMjBoZWlnaHQlM0QlMjIzMDAlMjIlMjBmcmFtZWJvcmRlciUzRCUyMjAlMjIlMjBzdHlsZSUzRCUyMmJvcmRlciUzQTAlM0IlMjIlMjBhbGxvd2Z1bGxzY3JlZW4lM0QlMjIlMjIlM0UlM0MlMkZpZnJhbWUlM0U=\u00a0\u00bb][\/vc_column_inner][\/vc_row_inner][\/vc_column][\/vc_row][vc_row css_animation=\u00a0\u00bb\u00a0\u00bb row_type=\u00a0\u00bbrow\u00a0\u00bb use_row_as_full_screen_section=\u00a0\u00bbno\u00a0\u00bb type=\u00a0\u00bbfull_width\u00a0\u00bb angled_section=\u00a0\u00bbno\u00a0\u00bb text_align=\u00a0\u00bbcenter\u00a0\u00bb background_image_as_pattern=\u00a0\u00bbwithout_pattern\u00a0\u00bb padding_top=\u00a0\u00bb90&Prime; css=\u00a0\u00bb.vc_custom_1524648358981{padding-bottom: 7% !important;background-image: url(http:\/\/libermare.com.mialias.net\/wp-content\/uploads\/2018\/04\/libermare-testimonials.jpg?id=322) !important;background-position: center !important;background-repeat: no-repeat !important;background-size: cover !important;}\u00a0\u00bb z_index=\u00a0\u00bb\u00a0\u00bb][vc_column][qode_elements_holder number_of_columns=\u00a0\u00bbone_column\u00a0\u00bb][qode_elements_holder_item advanced_animations=\u00a0\u00bbno\u00a0\u00bb item_padding=\u00a0\u00bb0px 29% 0 29%\u00a0\u00bb item_padding_1024_1280=\u00a0\u00bb0px 22% 0 22%\u00a0\u00bb item_padding_768_1024=\u00a0\u00bb0px 18% 0 18%\u00a0\u00bb item_padding_480_600=\u00a0\u00bb0px 3% 0 3%\u00a0\u00bb item_padding_480=\u00a0\u00bb0px 3% 0 3%\u00a0\u00bb]<div class='testimonials_holder clearfix '><div class=\"testimonials testimonials_carousel\" data-show-navigation=\"no\" data-animation-type=\"fade\" data-animation-speed=\"\" data-auto-rotate-slides=\"5\" data-number-per-slide=\"1\"><ul class=\"slides\"><li id=\"testimonials489\" class=\"testimonial_content\"><div class=\"testimonial_content_inner\"><div class=\"testimonial_text_holder\"><div class=\"testimonial_text_inner\" style=\"\"><p>Podr\u00e9is disfrutar de momentos inolvidables con la familia y amigos. La\r\nexperiencia a bordo del Liber Mare es genial e incre\u00edble, ya que Dani (el capit\u00e1n), te permite conocer a fondo cada playa y cala que visitas, siempre teniendo en cuenta el estado del mar. Resaltar la comodidad y practicidad del \"llaut\" t\u00edpico menorqu\u00edn, que cuenta con todos los accesorios para pasar un feliz d\u00eda (tabla de paddlevsurf, motora, ...etc).<\/p><p class=\"testimonial_author\" style=\"\">J. Carlos<\/p><\/div><\/div><\/div><\/li><li id=\"testimonials477\" class=\"testimonial_content\"><div class=\"testimonial_content_inner\"><div class=\"testimonial_text_holder\"><div class=\"testimonial_text_inner\" style=\"\"><p>\u00a1Si quieres uno de los mejores recuerdos de tu verano,\r\nsal a navegar con Dani.!\r\nLlevamos a\u00f1os navegando con \u00e9l, es una persona capaz de entender las necesidades de todos los que tiene a bordo y hacerles disfrutar a cada uno de un d\u00eda maravilloso.\r\nEl barco es una comodidad absoluta, tanto para ni\u00f1os como para adultos.\r\nSu conocimiento del mar , de los mejores rincones de la isla y su amabilidad ,hace que a\u00f1o tras a\u00f1o sigamos navegando con \u00e9l.<\/p><p class=\"testimonial_author\" style=\"\">N. Granados<\/p><\/div><\/div><\/div><\/li><li id=\"testimonials473\" class=\"testimonial_content\"><div class=\"testimonial_content_inner\"><div class=\"testimonial_text_holder\"><div class=\"testimonial_text_inner\" style=\"\"><p>Siempre que voy a menorca yo e mis amigos nos gusta muxo  visitar las calas e hacer el viajen de barco ( libermare )  ya es como un ritual ... e el amigo Dani  es un grande guia estou encantado con la empresa \r\nAbra\u00e7o amigo ......<\/p><p class=\"testimonial_author\" style=\"\">P. Quaresma<\/p><\/div><\/div><\/div><\/li><\/ul><\/div><\/div>[\/qode_elements_holder_item][\/qode_elements_holder][\/vc_column][\/vc_row]<\/p>\n<\/section>","protected":false},"excerpt":{"rendered":"<p>[vc_row css_animation=\u00a0\u00bb\u00a0\u00bb row_type=\u00a0\u00bbrow\u00a0\u00bb use_row_as_full_screen_section=\u00a0\u00bbno\u00a0\u00bb type=\u00a0\u00bbfull_width\u00a0\u00bb angled_section=\u00a0\u00bbno\u00a0\u00bb text_align=\u00a0\u00bbleft\u00a0\u00bb background_image_as_pattern=\u00a0\u00bbwithout_pattern\u00a0\u00bb z_index=\u00a0\u00bb\u00a0\u00bb][vc_column][rev_slider_vc alias=\u00a0\u00bbhome-slider-fr\u00a0\u00bb][\/vc_column][\/vc_row][vc_row css_animation=\u00a0\u00bb\u00a0\u00bb row_type=\u00a0\u00bbrow\u00a0\u00bb use_row_as_full_screen_section=\u00a0\u00bbno\u00a0\u00bb type=\u00a0\u00bbgrid\u00a0\u00bb angled_section=\u00a0\u00bbno\u00a0\u00bb text_align=\u00a0\u00bbleft\u00a0\u00bb background_image_as_pattern=\u00a0\u00bbwithout_pattern\u00a0\u00bb z_index=\u00a0\u00bb\u00a0\u00bb css=\u00a0\u00bb.vc_custom_1522951755169{padding-top: 70px !important;padding-bottom: 70px !important;}\u00a0\u00bb][vc_column width=\u00a0\u00bb1\/4&Prime;][vc_column_text] Excursions en bateau Minorque [\/vc_column_text][vc_empty_space height=\u00a0\u00bb12px\u00a0\u00bb][vc_column_text] D\u00e9couvrez les criques de la c\u00f4te sud de Minorque [\/vc_column_text][vc_empty_space height=\u00a0\u00bb33px\u00a0\u00bb][vc_empty_space height=\u00a0\u00bb30px\u00a0\u00bb][\/vc_column][vc_column width=\u00a0\u00bb3\/4&Prime;][vc_row_inner row_type=\u00a0\u00bbrow\u00a0\u00bb type=\u00a0\u00bbfull_width\u00a0\u00bb&#8230;<\/p>\n","protected":false},"author":1,"featured_media":0,"parent":0,"menu_order":0,"comment_status":"closed","ping_status":"closed","template":"full_width.php","meta":{"footnotes":""},"class_list":["post-388","page","type-page","status-publish","hentry"],"yoast_head":"<!-- This site is optimized with the Yoast SEO Premium plugin v18.5 (Yoast SEO v25.3) - https:\/\/yoast.com\/wordpress\/plugins\/seo\/ -->\n<title>Excursions en bateau Minorque - location de bateau Minorque<\/title>\n<meta name=\"description\" content=\"Excursions en bateau Minorque. Nous visiterons des criques inaccessibles telles que Cala Escorxada, Cala Fustam, Trebaluger, Macarella, Macarelleta et Cala Turqueta, en s\u2019arr\u00eatant \u00e0 deux d\u2019entre eux pour prendre un bain.\" \/>\n<meta name=\"robots\" content=\"index, follow, max-snippet:-1, max-image-preview:large, max-video-preview:-1\" \/>\n<link rel=\"canonical\" href=\"https:\/\/libermare.com\/fr\/\" \/>\n<meta property=\"og:locale\" content=\"fr_FR\" \/>\n<meta property=\"og:type\" content=\"article\" \/>\n<meta property=\"og:title\" content=\"Home\" \/>\n<meta property=\"og:description\" content=\"Excursions en bateau Minorque. Nous visiterons des criques inaccessibles telles que Cala Escorxada, Cala Fustam, Trebaluger, Macarella, Macarelleta et Cala Turqueta, en s\u2019arr\u00eatant \u00e0 deux d\u2019entre eux pour prendre un bain.\" \/>\n<meta property=\"og:url\" content=\"https:\/\/libermare.com\/fr\/\" \/>\n<meta property=\"og:site_name\" content=\"Excursiones en barco Menorca\" \/>\n<meta property=\"article:modified_time\" content=\"2019-11-07T08:39:05+00:00\" \/>\n<meta name=\"twitter:card\" content=\"summary_large_image\" \/>\n<meta name=\"twitter:label1\" content=\"Dur\u00e9e de lecture estim\u00e9e\" \/>\n\t<meta name=\"twitter:data1\" content=\"4 minutes\" \/>\n<script type=\"application\/ld+json\" class=\"yoast-schema-graph\">{\"@context\":\"https:\/\/schema.org\",\"@graph\":[{\"@type\":\"WebPage\",\"@id\":\"https:\/\/libermare.com\/fr\/\",\"url\":\"https:\/\/libermare.com\/fr\/\",\"name\":\"Excursions en bateau Minorque - location de bateau Minorque\",\"isPartOf\":{\"@id\":\"https:\/\/libermare.com\/#website\"},\"datePublished\":\"2018-02-19T08:23:05+00:00\",\"dateModified\":\"2019-11-07T08:39:05+00:00\",\"description\":\"Excursions en bateau Minorque. Nous visiterons des criques inaccessibles telles que Cala Escorxada, Cala Fustam, Trebaluger, Macarella, Macarelleta et Cala Turqueta, en s\u2019arr\u00eatant \u00e0 deux d\u2019entre eux pour prendre un bain.\",\"breadcrumb\":{\"@id\":\"https:\/\/libermare.com\/fr\/#breadcrumb\"},\"inLanguage\":\"fr-FR\",\"potentialAction\":[{\"@type\":\"ReadAction\",\"target\":[\"https:\/\/libermare.com\/fr\/\"]}]},{\"@type\":\"BreadcrumbList\",\"@id\":\"https:\/\/libermare.com\/fr\/#breadcrumb\",\"itemListElement\":[{\"@type\":\"ListItem\",\"position\":1,\"name\":\"Portada\",\"item\":\"https:\/\/libermare.com\/fr\/\"},{\"@type\":\"ListItem\",\"position\":2,\"name\":\"Home\"}]},{\"@type\":\"WebSite\",\"@id\":\"https:\/\/libermare.com\/#website\",\"url\":\"https:\/\/libermare.com\/\",\"name\":\"Excursiones en barco Menorca\",\"description\":\"Alquiler barco Menorca\",\"potentialAction\":[{\"@type\":\"SearchAction\",\"target\":{\"@type\":\"EntryPoint\",\"urlTemplate\":\"https:\/\/libermare.com\/?s={search_term_string}\"},\"query-input\":{\"@type\":\"PropertyValueSpecification\",\"valueRequired\":true,\"valueName\":\"search_term_string\"}}],\"inLanguage\":\"fr-FR\"}]}<\/script>\n<!-- \/ Yoast SEO Premium plugin. -->","yoast_head_json":{"title":"Excursions en bateau Minorque - location de bateau Minorque","description":"Excursions en bateau Minorque. Nous visiterons des criques inaccessibles telles que Cala Escorxada, Cala Fustam, Trebaluger, Macarella, Macarelleta et Cala Turqueta, en s\u2019arr\u00eatant \u00e0 deux d\u2019entre eux pour prendre un bain.","robots":{"index":"index","follow":"follow","max-snippet":"max-snippet:-1","max-image-preview":"max-image-preview:large","max-video-preview":"max-video-preview:-1"},"canonical":"https:\/\/libermare.com\/fr\/","og_locale":"fr_FR","og_type":"article","og_title":"Home","og_description":"Excursions en bateau Minorque. Nous visiterons des criques inaccessibles telles que Cala Escorxada, Cala Fustam, Trebaluger, Macarella, Macarelleta et Cala Turqueta, en s\u2019arr\u00eatant \u00e0 deux d\u2019entre eux pour prendre un bain.","og_url":"https:\/\/libermare.com\/fr\/","og_site_name":"Excursiones en barco Menorca","article_modified_time":"2019-11-07T08:39:05+00:00","twitter_card":"summary_large_image","twitter_misc":{"Dur\u00e9e de lecture estim\u00e9e":"4 minutes"},"schema":{"@context":"https:\/\/schema.org","@graph":[{"@type":"WebPage","@id":"https:\/\/libermare.com\/fr\/","url":"https:\/\/libermare.com\/fr\/","name":"Excursions en bateau Minorque - location de bateau Minorque","isPartOf":{"@id":"https:\/\/libermare.com\/#website"},"datePublished":"2018-02-19T08:23:05+00:00","dateModified":"2019-11-07T08:39:05+00:00","description":"Excursions en bateau Minorque. Nous visiterons des criques inaccessibles telles que Cala Escorxada, Cala Fustam, Trebaluger, Macarella, Macarelleta et Cala Turqueta, en s\u2019arr\u00eatant \u00e0 deux d\u2019entre eux pour prendre un bain.","breadcrumb":{"@id":"https:\/\/libermare.com\/fr\/#breadcrumb"},"inLanguage":"fr-FR","potentialAction":[{"@type":"ReadAction","target":["https:\/\/libermare.com\/fr\/"]}]},{"@type":"BreadcrumbList","@id":"https:\/\/libermare.com\/fr\/#breadcrumb","itemListElement":[{"@type":"ListItem","position":1,"name":"Portada","item":"https:\/\/libermare.com\/fr\/"},{"@type":"ListItem","position":2,"name":"Home"}]},{"@type":"WebSite","@id":"https:\/\/libermare.com\/#website","url":"https:\/\/libermare.com\/","name":"Excursiones en barco Menorca","description":"Alquiler barco Menorca","potentialAction":[{"@type":"SearchAction","target":{"@type":"EntryPoint","urlTemplate":"https:\/\/libermare.com\/?s={search_term_string}"},"query-input":{"@type":"PropertyValueSpecification","valueRequired":true,"valueName":"search_term_string"}}],"inLanguage":"fr-FR"}]}},"_links":{"self":[{"href":"https:\/\/libermare.com\/fr\/wp-json\/wp\/v2\/pages\/388","targetHints":{"allow":["GET"]}}],"collection":[{"href":"https:\/\/libermare.com\/fr\/wp-json\/wp\/v2\/pages"}],"about":[{"href":"https:\/\/libermare.com\/fr\/wp-json\/wp\/v2\/types\/page"}],"author":[{"embeddable":true,"href":"https:\/\/libermare.com\/fr\/wp-json\/wp\/v2\/users\/1"}],"replies":[{"embeddable":true,"href":"https:\/\/libermare.com\/fr\/wp-json\/wp\/v2\/comments?post=388"}],"version-history":[{"count":11,"href":"https:\/\/libermare.com\/fr\/wp-json\/wp\/v2\/pages\/388\/revisions"}],"predecessor-version":[{"id":536,"href":"https:\/\/libermare.com\/fr\/wp-json\/wp\/v2\/pages\/388\/revisions\/536"}],"wp:attachment":[{"href":"https:\/\/libermare.com\/fr\/wp-json\/wp\/v2\/media?parent=388"}],"curies":[{"name":"wp","href":"https:\/\/api.w.org\/{rel}","templated":true}]}}